{"id":72,"date":"2025-12-09T22:40:14","date_gmt":"2025-12-09T21:40:14","guid":{"rendered":"https:\/\/www.aldatzencoop.eus\/?page_id=72"},"modified":"2026-03-24T11:53:54","modified_gmt":"2026-03-24T10:53:54","slug":"proyectos","status":"publish","type":"page","link":"https:\/\/www.aldatzencoop.eus\/index.php\/proyectos\/","title":{"rendered":"Proyectos"},"content":{"rendered":"\n<p>ESCUELA DE ENERG\u00cdA<br>El primer proyecto de Aldatzen que a partir del 24 de Marzo estar\u00e1 en marcha. Esta asesor\u00eda de barrio ayudar\u00e1 a comprender las facturas el\u00e9ctricas y de Gas, informar\u00e1 sobre el Bono Social\u2026 Este servicio se realizar\u00e1 en Auzoenea (C\\Aldapa 5, Bajo) cada martes hasta el 16 de junio de 18 a 20h.<br><br>A modo de sensibilizaci\u00f3n os dejamos el folleto que hemos elaborado modestamente sobre facturas de Luz y de Gas y unos consejos para poder ahorrar en dichas facturas.<\/p>\n\n\n\n<div class=\"wp-block-buttons is-content-justification-center is-layout-flex wp-container-core-buttons-is-layout-16018d1d wp-block-buttons-is-layout-flex\">\n<div class=\"wp-block-button is-style-fill\"><a class=\"wp-block-button__link wp-element-button\" href=\"https:\/\/drive.google.com\/file\/d\/19w9m43AhK4mRQDhKeMyANT63GbeC8xcy\/view?usp=drive_link\">Eskuhorria<\/a><\/div>\n\n\n\n<div class=\"wp-block-button is-style-fill\"><a class=\"wp-block-button__link wp-element-button\" href=\"https:\/\/drive.google.com\/file\/d\/16u2ya2-VFEjO1mt4RZZ1FdojECy08fhj\/view?usp=drive_link\">Folleto<\/a><\/div>\n<\/div>\n\n\n\n<figure class=\"wp-block-image size-large\"><img loading=\"lazy\" decoding=\"async\" width=\"762\" height=\"1024\" src=\"https:\/\/www.aldatzencoop.eus\/wp-content\/uploads\/2026\/03\/escuela-de-energia-2-762x1024.jpeg\" alt=\"\" class=\"wp-image-198\" srcset=\"https:\/\/www.aldatzencoop.eus\/wp-content\/uploads\/2026\/03\/escuela-de-energia-2-762x1024.jpeg 762w, https:\/\/www.aldatzencoop.eus\/wp-content\/uploads\/2026\/03\/escuela-de-energia-2-223x300.jpeg 223w, https:\/\/www.aldatzencoop.eus\/wp-content\/uploads\/2026\/03\/escuela-de-energia-2-768x1032.jpeg 768w, https:\/\/www.aldatzencoop.eus\/wp-content\/uploads\/2026\/03\/escuela-de-energia-2.jpeg 996w\" sizes=\"auto, (max-width: 762px) 100vw, 762px\" \/><\/figure>\n\n\n\n<h2 class=\"wp-block-heading has-text-align-left\"><strong>Desde Aldatzen Coop. estamos trabajando para poder ofrecer diferentes servicios a nuestros socios y socias.<br>Trabajamos desde 4 pilares fundamentales: Movilidad, Reducir, Generar y Compartir. <br>Si algo te inquieta, si quieres sugerirnos alg\u00fan proyecto o ves necesario alg\u00fan curso o charla formativa no dudes en ponerte en contacto con nosotras.<\/strong><\/h2>\n\n\n\n<figure class=\"wp-block-image size-large\"><img loading=\"lazy\" decoding=\"async\" width=\"1024\" height=\"974\" src=\"https:\/\/www.aldatzencoop.eus\/wp-content\/uploads\/2025\/12\/Imagen-de-WhatsApp-2025-10-03-a-las-00.03.22_f599a8a2-1-e1765621968890-1024x974.jpg\" alt=\"\" class=\"wp-image-100\" srcset=\"https:\/\/www.aldatzencoop.eus\/wp-content\/uploads\/2025\/12\/Imagen-de-WhatsApp-2025-10-03-a-las-00.03.22_f599a8a2-1-e1765621968890-1024x974.jpg 1024w, https:\/\/www.aldatzencoop.eus\/wp-content\/uploads\/2025\/12\/Imagen-de-WhatsApp-2025-10-03-a-las-00.03.22_f599a8a2-1-e1765621968890-300x285.jpg 300w, https:\/\/www.aldatzencoop.eus\/wp-content\/uploads\/2025\/12\/Imagen-de-WhatsApp-2025-10-03-a-las-00.03.22_f599a8a2-1-e1765621968890-768x730.jpg 768w, https:\/\/www.aldatzencoop.eus\/wp-content\/uploads\/2025\/12\/Imagen-de-WhatsApp-2025-10-03-a-las-00.03.22_f599a8a2-1-e1765621968890-315x300.jpg 315w, https:\/\/www.aldatzencoop.eus\/wp-content\/uploads\/2025\/12\/Imagen-de-WhatsApp-2025-10-03-a-las-00.03.22_f599a8a2-1-e1765621968890.jpg 1060w\" sizes=\"auto, (max-width: 1024px) 100vw, 1024px\" \/><figcaption class=\"wp-element-caption\">Cuadro de posibles proyectos a realizar en la CER<\/figcaption><\/figure>\n","protected":false},"excerpt":{"rendered":"<p>ESCUELA DE ENERG\u00cdAEl primer proyecto de Aldatzen que a partir del 24 de Marzo estar\u00e1 en marcha. Esta asesor\u00eda de barrio ayudar\u00e1 a comprender las facturas el\u00e9ctricas y de Gas, informar\u00e1 sobre el Bono Social\u2026 Este servicio se realizar\u00e1 en &hellip; <a href=\"https:\/\/www.aldatzencoop.eus\/index.php\/proyectos\/\">Sigue leyendo <span class=\"meta-nav\">&rarr;<\/span><\/a><\/p>\n","protected":false},"author":1,"featured_media":0,"parent":0,"menu_order":3,"comment_status":"closed","ping_status":"closed","template":"","meta":{"footnotes":""},"class_list":["post-72","page","type-page","status-publish","hentry"],"_links":{"self":[{"href":"https:\/\/www.aldatzencoop.eus\/index.php\/wp-json\/wp\/v2\/pages\/72","targetHints":{"allow":["GET"]}}],"collection":[{"href":"https:\/\/www.aldatzencoop.eus\/index.php\/wp-json\/wp\/v2\/pages"}],"about":[{"href":"https:\/\/www.aldatzencoop.eus\/index.php\/wp-json\/wp\/v2\/types\/page"}],"author":[{"embeddable":true,"href":"https:\/\/www.aldatzencoop.eus\/index.php\/wp-json\/wp\/v2\/users\/1"}],"replies":[{"embeddable":true,"href":"https:\/\/www.aldatzencoop.eus\/index.php\/wp-json\/wp\/v2\/comments?post=72"}],"version-history":[{"count":9,"href":"https:\/\/www.aldatzencoop.eus\/index.php\/wp-json\/wp\/v2\/pages\/72\/revisions"}],"predecessor-version":[{"id":199,"href":"https:\/\/www.aldatzencoop.eus\/index.php\/wp-json\/wp\/v2\/pages\/72\/revisions\/199"}],"wp:attachment":[{"href":"https:\/\/www.aldatzencoop.eus\/index.php\/wp-json\/wp\/v2\/media?parent=72"}],"curies":[{"name":"wp","href":"https:\/\/api.w.org\/{rel}","templated":true}]}}